{"id":5565,"date":"2025-11-05T10:02:26","date_gmt":"2025-11-05T09:02:26","guid":{"rendered":"https:\/\/sarahfitnessmama.de\/?post_type=product&#038;p=5565"},"modified":"2025-11-18T10:05:36","modified_gmt":"2025-11-18T09:05:36","slug":"natuerlich-schoen-dein-weg-zur-natuerlichen-gesichtsverjuengung","status":"publish","type":"product","link":"https:\/\/sarahfitnessmama.de\/?product=natuerlich-schoen-dein-weg-zur-natuerlichen-gesichtsverjuengung","title":{"rendered":"Nat\u00fcrlich sch\u00f6n &#8211; dein Weg zur nat\u00fcrlichen Gesichtsverj\u00fcngung"},"content":{"rendered":"<h3 data-start=\"331\" data-end=\"403\"><strong data-start=\"338\" data-end=\"403\">Nat\u00fcrlich sch\u00f6n \u2013 Dein Weg zur nat\u00fcrlichen Gesichtsverj\u00fcngung<\/strong><\/h3>\n<p data-start=\"405\" data-end=\"697\">Entdecke, wie du dein Gesicht ganz ohne Botox, OP oder teure Behandlungen sichtbar verj\u00fcngen kannst.<br data-start=\"505\" data-end=\"508\" \/>In 40 Einheiten \u00e0 15\u201320 Minuten lernst du, mit gezielten Massage-, Lymph- und Entspannungstechniken Spannungen zu l\u00f6sen, Falten zu gl\u00e4tten und deine nat\u00fcrliche Ausstrahlung zur\u00fcckzuholen.<\/p>\n<p data-start=\"699\" data-end=\"919\">Erfahre, wie dein Gesicht offener, straffer und wacher wirkt \u2013<br data-start=\"761\" data-end=\"764\" \/>mit Methoden, die sonst nur in professionellen Behandlungen angewendet werden.<br data-start=\"842\" data-end=\"845\" \/>Alles, was du brauchst, sind deine H\u00e4nde \u2013 und 20 Minuten Zeit f\u00fcr dich<\/p>\n","protected":false},"excerpt":{"rendered":"<p>Nat\u00fcrlich sch\u00f6n \u2013 Dein Weg zur nat\u00fcrlichen Gesichtsverj\u00fcngung Entdecke, wie du dein Gesicht ganz ohne Botox, OP oder teure Behandlungen sichtbar verj\u00fcngen kannst.In 40 Einheiten \u00e0 15\u201320 Minuten lernst du, mit gezielten Massage-, Lymph- und Entspannungstechniken Spannungen zu l\u00f6sen, Falten zu gl\u00e4tten und deine nat\u00fcrliche Ausstrahlung zur\u00fcckzuholen. Erfahre, wie dein Gesicht offener, straffer und wacher [&hellip;]<\/p>\n","protected":false},"featured_media":5575,"comment_status":"closed","ping_status":"closed","template":"","meta":[],"product_brand":[],"product_cat":[68],"product_tag":[],"class_list":{"0":"post-5565","1":"product","2":"type-product","3":"status-publish","4":"has-post-thumbnail","6":"product_cat-kurs","8":"first","9":"instock","10":"taxable","11":"shipping-taxable","12":"purchasable","13":"product-type-simple"},"_links":{"self":[{"href":"https:\/\/sarahfitnessmama.de\/index.php?rest_route=\/wp\/v2\/product\/5565","targetHints":{"allow":["GET"]}}],"collection":[{"href":"https:\/\/sarahfitnessmama.de\/index.php?rest_route=\/wp\/v2\/product"}],"about":[{"href":"https:\/\/sarahfitnessmama.de\/index.php?rest_route=\/wp\/v2\/types\/product"}],"replies":[{"embeddable":true,"href":"https:\/\/sarahfitnessmama.de\/index.php?rest_route=%2Fwp%2Fv2%2Fcomments&post=5565"}],"wp:featuredmedia":[{"embeddable":true,"href":"https:\/\/sarahfitnessmama.de\/index.php?rest_route=\/wp\/v2\/media\/5575"}],"wp:attachment":[{"href":"https:\/\/sarahfitnessmama.de\/index.php?rest_route=%2Fwp%2Fv2%2Fmedia&parent=5565"}],"wp:term":[{"taxonomy":"product_brand","embeddable":true,"href":"https:\/\/sarahfitnessmama.de\/index.php?rest_route=%2Fwp%2Fv2%2Fproduct_brand&post=5565"},{"taxonomy":"product_cat","embeddable":true,"href":"https:\/\/sarahfitnessmama.de\/index.php?rest_route=%2Fwp%2Fv2%2Fproduct_cat&post=5565"},{"taxonomy":"product_tag","embeddable":true,"href":"https:\/\/sarahfitnessmama.de\/index.php?rest_route=%2Fwp%2Fv2%2Fproduct_tag&post=5565"}],"curies":[{"name":"wp","href":"https:\/\/api.w.org\/{rel}","templated":true}]}}