{"id":2982,"date":"2025-03-11T22:43:15","date_gmt":"2025-03-11T21:43:15","guid":{"rendered":"https:\/\/sarahfitnessmama.de\/?post_type=product&#038;p=2982"},"modified":"2025-11-18T10:07:07","modified_gmt":"2025-11-18T09:07:07","slug":"feel-good-challenge","status":"publish","type":"product","link":"https:\/\/sarahfitnessmama.de\/?product=feel-good-challenge","title":{"rendered":"Feel Good Challenge"},"content":{"rendered":"<p>Starte ins Jahr 2025 mit dem ultimativen 6-Wochen Kursprogramm von Sarah Fitnessmama!<br \/>\nDu willst endlich wieder durchstarten und sportlich aktiv werden, aber wei\u00dft nicht, wo und wie du anfangen sollst?<\/p>\n<p>Dann bist du hier genau richtig! \ud83d\ude0a<\/p>\n<p>Begleite mich und die Sarah Fitnessmama-Community in unserem Trainiversersum durch unser exklusives 6-Wochen Kursprogramm. Dieses Programm vereint die besten Elemente aus Krafttraining, Cardio, Pilates und Entspannungsmethoden, um dich wieder fit zu machen<\/p>\n<p>Anmelden, mitmachen &amp; direkt Erfolge sehen!<br \/>\nIn nur 6 Wochen wirst du mit meinem perfekt auf die 6 Wochen ausgearbeiteten Plan deutliche Fortschritte erzielen und dich fitter und st\u00e4rker f\u00fchlen als je zuvor. Gemeinsam formen wir deinen K\u00f6rper und verbessern deine allgemeine Fitness, ohne dabei den Fokus auf eine strikte Gewichtsabnahme zu legen. Hier geht es darum, dich stark und fit zu machen und selbstbewusst f\u00fchlen zu lassen.<\/p>\n<p>Was dich erwartet:<br \/>\nWir kombinieren die perfekte Mischung aus Krafttraining und Full Body Workouts mit vielen Kombi-\u00dcbungen und Pilates X Kraft Workouts \u2013 erg\u00e4nzt durch Bauch Trainings, Stretching Einheiten und Faszientraining.<\/p>\n<p>Die bestm\u00f6glichen Erfolge erzielst du, wenn du w\u00e4hrend der Challenge deine Ern\u00e4hrung anpasst. Hier liegt jedoch deine eigene Verantwortung, ein paar Tipps gebe ich dir nat\u00fcrlich auch in diesem Programm, um den Einstieg zu erleichtern. Der Fokus der Challenge liegt auf den Workouts und \u00dcbungen.<\/p>\n<p>Dich erwarten w\u00e4hrend der Challenge:<\/p>\n<p>Full Body Workouts mit Gewichten (Wir machen viele Kombi-\u00dcbungen, um m\u00f6glichst viele Muskelgruppen auf einmal zu trainieren)<br \/>\nStretching Einheiten \/Foam Roller<br \/>\nBauch Trainings<br \/>\nEinzelne Kraft-Workouts (Oberk\u00f6rper oder Beine\/Po)<br \/>\nEine Barre-Trainingseinheit<br \/>\nw\u00f6chentlich eine Pilates X Kraft-Einheit<\/p>\n","protected":false},"excerpt":{"rendered":"<p><strong>Starte ins Jahr 2025 mit dem ultimativen 6-Wochen Kursprogramm von Sarah Fitnessmama!<\/strong><br \/>\nDu willst endlich wieder durchstarten und sportlich aktiv werden, aber wei\u00dft nicht, wo und wie du anfangen sollst?<\/p>\n<p><strong>Dann bist du hier genau richtig! \ud83d\ude0a<\/strong><\/p>\n","protected":false},"featured_media":1542,"comment_status":"closed","ping_status":"closed","template":"","meta":[],"product_brand":[],"product_cat":[65],"product_tag":[],"class_list":{"0":"post-2982","1":"product","2":"type-product","3":"status-publish","4":"has-post-thumbnail","6":"product_cat-unkategorisiert","8":"first","9":"instock","10":"virtual","11":"taxable","12":"purchasable","13":"product-type-simple"},"_links":{"self":[{"href":"https:\/\/sarahfitnessmama.de\/index.php?rest_route=\/wp\/v2\/product\/2982","targetHints":{"allow":["GET"]}}],"collection":[{"href":"https:\/\/sarahfitnessmama.de\/index.php?rest_route=\/wp\/v2\/product"}],"about":[{"href":"https:\/\/sarahfitnessmama.de\/index.php?rest_route=\/wp\/v2\/types\/product"}],"replies":[{"embeddable":true,"href":"https:\/\/sarahfitnessmama.de\/index.php?rest_route=%2Fwp%2Fv2%2Fcomments&post=2982"}],"wp:featuredmedia":[{"embeddable":true,"href":"https:\/\/sarahfitnessmama.de\/index.php?rest_route=\/wp\/v2\/media\/1542"}],"wp:attachment":[{"href":"https:\/\/sarahfitnessmama.de\/index.php?rest_route=%2Fwp%2Fv2%2Fmedia&parent=2982"}],"wp:term":[{"taxonomy":"product_brand","embeddable":true,"href":"https:\/\/sarahfitnessmama.de\/index.php?rest_route=%2Fwp%2Fv2%2Fproduct_brand&post=2982"},{"taxonomy":"product_cat","embeddable":true,"href":"https:\/\/sarahfitnessmama.de\/index.php?rest_route=%2Fwp%2Fv2%2Fproduct_cat&post=2982"},{"taxonomy":"product_tag","embeddable":true,"href":"https:\/\/sarahfitnessmama.de\/index.php?rest_route=%2Fwp%2Fv2%2Fproduct_tag&post=2982"}],"curies":[{"name":"wp","href":"https:\/\/api.w.org\/{rel}","templated":true}]}}